{"id":4107,"date":"2025-03-18T16:15:31","date_gmt":"2025-03-18T16:15:31","guid":{"rendered":"https:\/\/www.aem-ecully.fr\/?page_id=4107"},"modified":"2025-12-08T08:45:03","modified_gmt":"2025-12-08T08:45:03","slug":"association","status":"publish","type":"page","link":"https:\/\/www.aem-ecully.fr\/en\/association\/","title":{"rendered":"Association"},"content":{"rendered":"<div data-elementor-type=\"wp-page\" data-elementor-id=\"4107\" class=\"elementor elementor-4107\" data-elementor-settings=\"{&quot;ha_cmc_init_switcher&quot;:&quot;no&quot;}\">\n\t\t\t\t\t\t<section class=\"elementor-section elementor-top-section elementor-element elementor-element-5a8c951 qodef-elementor-content-grid elementor-section-boxed elementor-section-height-default elementor-section-height-default\" data-id=\"5a8c951\" data-element_type=\"section\" data-settings=\"{&quot;_ha_eqh_enable&quot;:false}\">\n\t\t\t\t\t\t<div class=\"elementor-container elementor-column-gap-default\">\n\t\t\t\t\t<div class=\"elementor-column elementor-col-50 elementor-top-column elementor-element elementor-element-c9b5686\" data-id=\"c9b5686\" data-element_type=\"column\" data-settings=\"{&quot;background_background&quot;:&quot;classic&quot;}\">\n\t\t\t<div class=\"elementor-widget-wrap elementor-element-populated\">\n\t\t\t\t\t\t<div class=\"elementor-element elementor-element-9b9db9a elementor-widget elementor-widget-image\" data-id=\"9b9db9a\" data-element_type=\"widget\" data-widget_type=\"image.default\">\n\t\t\t\t<div class=\"elementor-widget-container\">\n\t\t\t\t\t\t\t\t\t\t\t\t\t\t\t<img fetchpriority=\"high\" decoding=\"async\" width=\"1920\" height=\"2560\" src=\"https:\/\/www.aem-ecully.fr\/wp-content\/uploads\/2025\/06\/IMG_8682-scaled.jpeg\" class=\"attachment-full size-full wp-image-4716\" alt=\"\" srcset=\"https:\/\/www.aem-ecully.fr\/wp-content\/uploads\/2025\/06\/IMG_8682-scaled.jpeg 1920w, https:\/\/www.aem-ecully.fr\/wp-content\/uploads\/2025\/06\/IMG_8682-225x300.jpeg 225w, https:\/\/www.aem-ecully.fr\/wp-content\/uploads\/2025\/06\/IMG_8682-768x1024.jpeg 768w, https:\/\/www.aem-ecully.fr\/wp-content\/uploads\/2025\/06\/IMG_8682-1152x1536.jpeg 1152w, https:\/\/www.aem-ecully.fr\/wp-content\/uploads\/2025\/06\/IMG_8682-1536x2048.jpeg 1536w\" sizes=\"(max-width: 1920px) 100vw, 1920px\" \/>\t\t\t\t\t\t\t\t\t\t\t\t\t\t\t<\/div>\n\t\t\t\t<\/div>\n\t\t\t\t\t<\/div>\n\t\t<\/div>\n\t\t\t\t<div class=\"elementor-column elementor-col-50 elementor-top-column elementor-element elementor-element-0efee83\" data-id=\"0efee83\" data-element_type=\"column\" data-settings=\"{&quot;background_background&quot;:&quot;classic&quot;}\">\n\t\t\t<div class=\"elementor-widget-wrap elementor-element-populated\">\n\t\t\t\t\t\t<div class=\"elementor-element elementor-element-2ce99ef elementor-widget elementor-widget-songbook_core_section_title\" data-id=\"2ce99ef\" data-element_type=\"widget\" data-widget_type=\"songbook_core_section_title.default\">\n\t\t\t\t<div class=\"elementor-widget-container\">\n\t\t\t\t\t<div class=\"qodef-shortcode qodef-m  qodef-section-title qodef-alignment--left\">\n\t\t<h6 class=\"qodef-m-subtitle\" >\n\t\t<span>\n\t\t\tUne mission d\u2019acc\u00e8s, de partage et de cr\u00e9ation\t\t<\/span>\n\t<\/h6>\n\t\t<h1 class=\"qodef-m-title\" style=\"margin-top: 11px\">\n\t\t\t\t\tObjectif de l\u2019\u00e9cole de musique\t\t\t<\/h1>\n\t\t<\/div>\t\t\t\t<\/div>\n\t\t\t\t<\/div>\n\t\t\t\t<div class=\"elementor-element elementor-element-7eb0f4b elementor-widget elementor-widget-text-editor\" data-id=\"7eb0f4b\" data-element_type=\"widget\" data-widget_type=\"text-editor.default\">\n\t\t\t\t<div class=\"elementor-widget-container\">\n\t\t\t\t\t\t\t\t\t<div id=\"post-51\" class=\"entry-box post-51 post type-post status-publish format-standard hentry category-association\"><div class=\"entry-content\"><p><span style=\"font-weight: 400;\">L\u2019\u00e9cole de musique a pour vocation de permettre\u00a0:<\/span><\/p><ul><li style=\"font-weight: 400;\" aria-level=\"1\"><span style=\"font-weight: 400;\">L\u2019enseignement de la musique (formation th\u00e9orique, pratique instrumentale ou vocale)<\/span><\/li><li style=\"font-weight: 400;\" aria-level=\"1\"><span style=\"font-weight: 400;\">La pratique collective sous la forme des ensembles les plus divers, du duo aux ensembles les plus \u00e9toff\u00e9s : ensembles instrumentaux junior et adulte, orchestres, ateliers musiques actuelles, fanfare, etc..<\/span><\/li><\/ul><p><span style=\"font-weight: 400;\">Elle participe \u00e0 la vie culturelle de la commune et du territoire avec le monde associatif \u00c9cullois.<\/span><\/p><\/div><\/div>\t\t\t\t\t\t\t\t<\/div>\n\t\t\t\t<\/div>\n\t\t\t\t\t<\/div>\n\t\t<\/div>\n\t\t\t\t\t<\/div>\n\t\t<\/section>\n\t\t\t\t<section class=\"elementor-section elementor-top-section elementor-element elementor-element-fd30980 elementor-section-full_width elementor-section-height-default elementor-section-height-default qodef-elementor-content-no\" data-id=\"fd30980\" data-element_type=\"section\" data-settings=\"{&quot;_ha_eqh_enable&quot;:false}\">\n\t\t\t\t\t\t<div class=\"elementor-container elementor-column-gap-default\">\n\t\t\t\t\t<div class=\"elementor-column elementor-col-100 elementor-top-column elementor-element elementor-element-26c5467\" data-id=\"26c5467\" data-element_type=\"column\" data-settings=\"{&quot;background_background&quot;:&quot;classic&quot;}\">\n\t\t\t<div class=\"elementor-widget-wrap\">\n\t\t\t\t\t\t\t<\/div>\n\t\t<\/div>\n\t\t\t\t\t<\/div>\n\t\t<\/section>\n\t\t\t\t<section class=\"elementor-section elementor-top-section elementor-element elementor-element-4665b98 elementor-section-content-middle qodef-elementor-content-grid elementor-section-full_width elementor-section-height-default elementor-section-height-default\" data-id=\"4665b98\" data-element_type=\"section\" data-settings=\"{&quot;_ha_eqh_enable&quot;:false}\">\n\t\t\t\t\t\t<div class=\"elementor-container elementor-column-gap-default\">\n\t\t\t\t\t<div class=\"elementor-column elementor-col-100 elementor-top-column elementor-element elementor-element-b579b64\" data-id=\"b579b64\" data-element_type=\"column\">\n\t\t\t<div class=\"elementor-widget-wrap elementor-element-populated\">\n\t\t\t\t\t\t<div class=\"elementor-element elementor-element-5b962a9 elementor-widget elementor-widget-songbook_core_section_title\" data-id=\"5b962a9\" data-element_type=\"widget\" data-widget_type=\"songbook_core_section_title.default\">\n\t\t\t\t<div class=\"elementor-widget-container\">\n\t\t\t\t\t<div class=\"qodef-shortcode qodef-m  qodef-section-title qodef-alignment--center\">\n\t\t<h6 class=\"qodef-m-subtitle\" >\n\t\t<span>\n\t\t\tConseil d\u2019administration\t\t<\/span>\n\t<\/h6>\n\t\t<h1 class=\"qodef-m-title\" style=\"margin-top: 11px\">\n\t\t\t\t\tMembres Conseil\t\t\t<\/h1>\n\t\t<\/div>\t\t\t\t<\/div>\n\t\t\t\t<\/div>\n\t\t\t\t<div class=\"elementor-element elementor-element-44f497d elementor-widget elementor-widget-text-editor\" data-id=\"44f497d\" data-element_type=\"widget\" data-widget_type=\"text-editor.default\">\n\t\t\t\t<div class=\"elementor-widget-container\">\n\t\t\t\t\t\t\t\t\t<p><span style=\"font-weight: 400;\">L\u2019Association Eculloise de Musique (Ecole de musique d\u2019Ecully) est g\u00e9r\u00e9e par un Conseil d\u2019Administration b\u00e9n\u00e9vole constitu\u00e9 d\u2019un Bureau et d\u2019Administrateurs, elle est r\u00e9gie par des statuts d\u00e9pos\u00e9s en Pr\u00e9fecture.<\/span><\/p><p><span style=\"font-weight: 400;\">Les membres du bureau et du conseil d\u2019administration sont \u00e9lus lors de l\u2019Assembl\u00e9e G\u00e9n\u00e9rale annuelle.<br \/><br \/><\/span><\/p><p>Des membres b\u00e9n\u00e9voles organisent plusieurs fois par an une \u00ab\u00a0sc\u00e8ne ouverte\u00a0\u00bb qui permet aux \u00e9l\u00e8ves de s\u2019exprimer dans le r\u00e9pertoire qu\u2019il souhaite.<\/p><p>Des solistes ou groupes sont form\u00e9s pour l\u2019occasion en totale autonomie.<\/p><p>Ces moments de concerts sont tr\u00e8s appr\u00e9ci\u00e9s des \u00e9l\u00e8ves et du public.<\/p>\t\t\t\t\t\t\t\t<\/div>\n\t\t\t\t<\/div>\n\t\t\t\t\t<\/div>\n\t\t<\/div>\n\t\t\t\t\t<\/div>\n\t\t<\/section>\n\t\t\t\t<section class=\"elementor-section elementor-top-section elementor-element elementor-element-4b0ee69 elementor-section-full_width elementor-section-height-default elementor-section-height-default qodef-elementor-content-no\" data-id=\"4b0ee69\" data-element_type=\"section\" data-settings=\"{&quot;_ha_eqh_enable&quot;:false}\">\n\t\t\t\t\t\t<div class=\"elementor-container elementor-column-gap-default\">\n\t\t\t\t\t<div class=\"elementor-column elementor-col-100 elementor-top-column elementor-element elementor-element-8a8f345\" data-id=\"8a8f345\" data-element_type=\"column\" data-settings=\"{&quot;background_background&quot;:&quot;classic&quot;}\">\n\t\t\t<div class=\"elementor-widget-wrap elementor-element-populated\">\n\t\t\t\t\t\t<section class=\"elementor-section elementor-inner-section elementor-element elementor-element-777c99c elementor-section-boxed elementor-section-height-default elementor-section-height-default qodef-elementor-content-no\" data-id=\"777c99c\" data-element_type=\"section\" data-settings=\"{&quot;_ha_eqh_enable&quot;:false}\">\n\t\t\t\t\t\t<div class=\"elementor-container elementor-column-gap-default\">\n\t\t\t\t\t<div class=\"elementor-column elementor-col-33 elementor-inner-column elementor-element elementor-element-be6f080\" data-id=\"be6f080\" data-element_type=\"column\">\n\t\t\t<div class=\"elementor-widget-wrap elementor-element-populated\">\n\t\t\t\t\t\t<div class=\"elementor-element elementor-element-627a10d elementor-widget elementor-widget-songbook_core_counter\" data-id=\"627a10d\" data-element_type=\"widget\" data-widget_type=\"songbook_core_counter.default\">\n\t\t\t\t<div class=\"elementor-widget-container\">\n\t\t\t\t\t<div class=\"qodef-shortcode qodef-m num qodef-counter qodef-layout--simple\" data-start-digit=\"30\" data-end-digit=\"50\">\n\t<div class=\"qodef-m-digit-wrapper\">\n\t\t<span class=\"qodef-m-digit\" style=\"font-size: 70px;color: #2F2F2F\"><\/span>\t<\/div>\n\t<div class=\"qodef-m-content\">\n\t\t\t<p class=\"qodef-m-title\" style=\"margin-top: 0px;color: #656565\">\n\t\t\t\t\tans \t\t\t<\/p>\n\t\t\t<p class=\"qodef-m-text\" >d\u2019exp\u00e9rience musicale<\/p>\n\t<\/div>\n<\/div>\t\t\t\t<\/div>\n\t\t\t\t<\/div>\n\t\t\t\t\t<\/div>\n\t\t<\/div>\n\t\t\t\t<div class=\"elementor-column elementor-col-33 elementor-inner-column elementor-element elementor-element-7092c7f\" data-id=\"7092c7f\" data-element_type=\"column\">\n\t\t\t<div class=\"elementor-widget-wrap elementor-element-populated\">\n\t\t\t\t\t\t<div class=\"elementor-element elementor-element-fbb4c6a elementor-widget elementor-widget-songbook_core_counter\" data-id=\"fbb4c6a\" data-element_type=\"widget\" data-widget_type=\"songbook_core_counter.default\">\n\t\t\t\t<div class=\"elementor-widget-container\">\n\t\t\t\t\t<div class=\"qodef-shortcode qodef-m num qodef-counter qodef-layout--simple\" data-start-digit=\"15\" data-end-digit=\"25\">\n\t<div class=\"qodef-m-digit-wrapper\">\n\t\t<span class=\"qodef-m-digit\" style=\"font-size: 70px;color: #2F2F2F\"><\/span>\t<\/div>\n\t<div class=\"qodef-m-content\">\n\t\t\t<p class=\"qodef-m-title\" style=\"margin-top: 0px;color: #656565\">\n\t\t\t\t\tprofesseurs \t\t\t<\/p>\n\t\t\t<p class=\"qodef-m-text\" >qualifi\u00e9s et passionn\u00e9s<\/p>\n\t<\/div>\n<\/div>\t\t\t\t<\/div>\n\t\t\t\t<\/div>\n\t\t\t\t\t<\/div>\n\t\t<\/div>\n\t\t\t\t<div class=\"elementor-column elementor-col-33 elementor-inner-column elementor-element elementor-element-e905677\" data-id=\"e905677\" data-element_type=\"column\">\n\t\t\t<div class=\"elementor-widget-wrap elementor-element-populated\">\n\t\t\t\t\t\t<div class=\"elementor-element elementor-element-556042b elementor-widget elementor-widget-songbook_core_counter\" data-id=\"556042b\" data-element_type=\"widget\" data-widget_type=\"songbook_core_counter.default\">\n\t\t\t\t<div class=\"elementor-widget-container\">\n\t\t\t\t\t<div class=\"qodef-shortcode qodef-m num qodef-counter qodef-layout--simple\" data-start-digit=\"350\" data-end-digit=\"400\">\n\t<div class=\"qodef-m-digit-wrapper\">\n\t\t<span class=\"qodef-m-digit\" style=\"font-size: 70px;color: #2F2F2F\"><\/span>\t<\/div>\n\t<div class=\"qodef-m-content\">\n\t\t\t<p class=\"qodef-m-title\" style=\"margin-top: 0px;color: #656565\">\n\t\t\t\t\t\u00e9l\u00e8ves \t\t\t<\/p>\n\t\t\t<p class=\"qodef-m-text\" >chaque ann\u00e9e<\/p>\n\t<\/div>\n<\/div>\t\t\t\t<\/div>\n\t\t\t\t<\/div>\n\t\t\t\t\t<\/div>\n\t\t<\/div>\n\t\t\t\t\t<\/div>\n\t\t<\/section>\n\t\t\t\t\t<\/div>\n\t\t<\/div>\n\t\t\t\t\t<\/div>\n\t\t<\/section>\n\t\t<div class=\"elementor-element elementor-element-027a862 e-flex e-con-boxed e-con e-parent\" data-id=\"027a862\" data-element_type=\"container\" data-settings=\"{&quot;_ha_eqh_enable&quot;:false}\">\n\t\t\t\t\t<div class=\"e-con-inner\">\n\t\t\t\t<div class=\"elementor-element elementor-element-1ca6f48 elementor-widget elementor-widget-songbook_core_section_title\" data-id=\"1ca6f48\" data-element_type=\"widget\" data-widget_type=\"songbook_core_section_title.default\">\n\t\t\t\t<div class=\"elementor-widget-container\">\n\t\t\t\t\t<div class=\"qodef-shortcode qodef-m  qodef-section-title qodef-alignment--center\">\n\t\t<h6 class=\"qodef-m-subtitle\" >\n\t\t<span>\n\t\t\tDocuments de r\u00e9f\u00e9rence\t\t<\/span>\n\t<\/h6>\n\t\t<h1 class=\"qodef-m-title\" style=\"margin-top: 11px\">\n\t\t\t\t\tInformations officielles\t\t\t<\/h1>\n\t\t<\/div>\t\t\t\t<\/div>\n\t\t\t\t<\/div>\n\t\t\t\t\t<\/div>\n\t\t\t\t<\/div>\n\t\t\t\t<section class=\"elementor-section elementor-top-section elementor-element elementor-element-a0e4d34 elementor-section-full_width elementor-section-height-default elementor-section-height-default qodef-elementor-content-no\" data-id=\"a0e4d34\" data-element_type=\"section\" data-settings=\"{&quot;_ha_eqh_enable&quot;:false}\">\n\t\t\t\t\t\t<div class=\"elementor-container elementor-column-gap-default\">\n\t\t\t\t\t<div class=\"elementor-column elementor-col-33 elementor-top-column elementor-element elementor-element-385f74b\" data-id=\"385f74b\" data-element_type=\"column\">\n\t\t\t<div class=\"elementor-widget-wrap elementor-element-populated\">\n\t\t\t\t\t\t<div class=\"elementor-element elementor-element-06872b3 elementor-hidden-mobile elementor-widget elementor-widget-songbook_core_banner\" data-id=\"06872b3\" data-element_type=\"widget\" data-widget_type=\"songbook_core_banner.default\">\n\t\t\t\t<div class=\"elementor-widget-container\">\n\t\t\t\t\t<div class=\"qodef-shortcode qodef-m  qodef-banner qodef-layout--link-overlay\">\n\t<div class=\"qodef-m-image\">\n\t<img decoding=\"async\" width=\"1200\" height=\"324\" src=\"https:\/\/www.aem-ecully.fr\/wp-content\/uploads\/2025\/05\/Plan-de-travail-1rouge2-1.jpg\" class=\"attachment-full size-full\" alt=\"\" srcset=\"https:\/\/www.aem-ecully.fr\/wp-content\/uploads\/2025\/05\/Plan-de-travail-1rouge2-1.jpg 1200w, https:\/\/www.aem-ecully.fr\/wp-content\/uploads\/2025\/05\/Plan-de-travail-1rouge2-1-300x81.jpg 300w, https:\/\/www.aem-ecully.fr\/wp-content\/uploads\/2025\/05\/Plan-de-travail-1rouge2-1-1024x276.jpg 1024w, https:\/\/www.aem-ecully.fr\/wp-content\/uploads\/2025\/05\/Plan-de-travail-1rouge2-1-768x207.jpg 768w\" sizes=\"(max-width: 1200px) 100vw, 1200px\" \/><\/div>\t<div class=\"qodef-m-content\">\n\t\t<div class=\"qodef-m-content-inner\">\n\t\t\t\t\t\t\t<h3 class=\"qodef-m-title\" style=\"font-family: Amatic SC;font-size: 36px;font-weight: 700\">\n\tStatuts\t<\/h3>\n\t\t\t\t\t\t<div class=\"qodef-m-front-image\">\n\t<\/div>\t\t<\/div>\n\t<\/div>\n\t<a itemprop=\"url\" href=\"\/wp-content\/uploads\/2025\/05\/Statuts-AEM-V2-nov-2015.pdf\" class=\"qodef-m-banner-link\" target=\"_blank\"><\/a>\n<\/div>\t\t\t\t<\/div>\n\t\t\t\t<\/div>\n\t\t\t\t<div class=\"elementor-element elementor-element-e2bbcfb elementor-hidden-desktop elementor-hidden-tablet elementor-widget elementor-widget-songbook_core_banner\" data-id=\"e2bbcfb\" data-element_type=\"widget\" data-widget_type=\"songbook_core_banner.default\">\n\t\t\t\t<div class=\"elementor-widget-container\">\n\t\t\t\t\t<div class=\"qodef-shortcode qodef-m  qodef-banner qodef-layout--link-overlay\">\n\t<div class=\"qodef-m-image\">\n\t<img decoding=\"async\" width=\"1200\" height=\"324\" src=\"https:\/\/www.aem-ecully.fr\/wp-content\/uploads\/2025\/05\/Plan-de-travail-1rouge2-1.jpg\" class=\"attachment-full size-full\" alt=\"\" srcset=\"https:\/\/www.aem-ecully.fr\/wp-content\/uploads\/2025\/05\/Plan-de-travail-1rouge2-1.jpg 1200w, https:\/\/www.aem-ecully.fr\/wp-content\/uploads\/2025\/05\/Plan-de-travail-1rouge2-1-300x81.jpg 300w, https:\/\/www.aem-ecully.fr\/wp-content\/uploads\/2025\/05\/Plan-de-travail-1rouge2-1-1024x276.jpg 1024w, https:\/\/www.aem-ecully.fr\/wp-content\/uploads\/2025\/05\/Plan-de-travail-1rouge2-1-768x207.jpg 768w\" sizes=\"(max-width: 1200px) 100vw, 1200px\" \/><\/div>\t<div class=\"qodef-m-content\">\n\t\t<div class=\"qodef-m-content-inner\">\n\t\t\t\t\t\t\t<h3 class=\"qodef-m-title\" style=\"font-family: Amatic SC;font-size: 25px;font-weight: 700\">\n\tStatuts\t<\/h3>\n\t\t\t\t\t\t<div class=\"qodef-m-front-image\">\n\t<\/div>\t\t<\/div>\n\t<\/div>\n\t<a itemprop=\"url\" href=\"\/wp-content\/uploads\/2025\/05\/Statuts-AEM-V2-nov-2015.pdf\" class=\"qodef-m-banner-link\" target=\"_blank\"><\/a>\n<\/div>\t\t\t\t<\/div>\n\t\t\t\t<\/div>\n\t\t\t\t\t<\/div>\n\t\t<\/div>\n\t\t\t\t<div class=\"elementor-column elementor-col-33 elementor-top-column elementor-element elementor-element-74f6e09\" data-id=\"74f6e09\" data-element_type=\"column\">\n\t\t\t<div class=\"elementor-widget-wrap elementor-element-populated\">\n\t\t\t\t\t\t<div class=\"elementor-element elementor-element-f4006d0 elementor-hidden-mobile elementor-widget elementor-widget-songbook_core_banner\" data-id=\"f4006d0\" data-element_type=\"widget\" data-widget_type=\"songbook_core_banner.default\">\n\t\t\t\t<div class=\"elementor-widget-container\">\n\t\t\t\t\t<div class=\"qodef-shortcode qodef-m  qodef-banner qodef-layout--link-overlay\">\n\t<div class=\"qodef-m-image\">\n\t<img decoding=\"async\" width=\"1200\" height=\"324\" src=\"https:\/\/www.aem-ecully.fr\/wp-content\/uploads\/2025\/05\/Plan-de-travail-1rouge-1.jpg\" class=\"attachment-full size-full\" alt=\"\" srcset=\"https:\/\/www.aem-ecully.fr\/wp-content\/uploads\/2025\/05\/Plan-de-travail-1rouge-1.jpg 1200w, https:\/\/www.aem-ecully.fr\/wp-content\/uploads\/2025\/05\/Plan-de-travail-1rouge-1-300x81.jpg 300w, https:\/\/www.aem-ecully.fr\/wp-content\/uploads\/2025\/05\/Plan-de-travail-1rouge-1-1024x276.jpg 1024w, https:\/\/www.aem-ecully.fr\/wp-content\/uploads\/2025\/05\/Plan-de-travail-1rouge-1-768x207.jpg 768w\" sizes=\"(max-width: 1200px) 100vw, 1200px\" \/><\/div>\t<div class=\"qodef-m-content\">\n\t\t<div class=\"qodef-m-content-inner\">\n\t\t\t\t\t\t\t<h3 class=\"qodef-m-title\" style=\"font-family: Amatic SC;font-size: 36px;font-weight: 700\">\n\tR\u00e8glement int\u00e9rieur\t<\/h3>\n\t\t\t\t\t\t<div class=\"qodef-m-front-image\">\n\t<\/div>\t\t<\/div>\n\t<\/div>\n\t<a itemprop=\"url\" href=\"\/wp-content\/uploads\/2025\/05\/2023-Reglement-Interieur-AEM.pdf\" class=\"qodef-m-banner-link\" target=\"_self\"><\/a>\n<\/div>\t\t\t\t<\/div>\n\t\t\t\t<\/div>\n\t\t\t\t<div class=\"elementor-element elementor-element-51aae3c elementor-hidden-desktop elementor-hidden-tablet elementor-widget elementor-widget-songbook_core_banner\" data-id=\"51aae3c\" data-element_type=\"widget\" data-widget_type=\"songbook_core_banner.default\">\n\t\t\t\t<div class=\"elementor-widget-container\">\n\t\t\t\t\t<div class=\"qodef-shortcode qodef-m  qodef-banner qodef-layout--link-overlay\">\n\t<div class=\"qodef-m-image\">\n\t<img decoding=\"async\" width=\"1200\" height=\"324\" src=\"https:\/\/www.aem-ecully.fr\/wp-content\/uploads\/2025\/05\/Plan-de-travail-1rouge-1.jpg\" class=\"attachment-full size-full\" alt=\"\" srcset=\"https:\/\/www.aem-ecully.fr\/wp-content\/uploads\/2025\/05\/Plan-de-travail-1rouge-1.jpg 1200w, https:\/\/www.aem-ecully.fr\/wp-content\/uploads\/2025\/05\/Plan-de-travail-1rouge-1-300x81.jpg 300w, https:\/\/www.aem-ecully.fr\/wp-content\/uploads\/2025\/05\/Plan-de-travail-1rouge-1-1024x276.jpg 1024w, https:\/\/www.aem-ecully.fr\/wp-content\/uploads\/2025\/05\/Plan-de-travail-1rouge-1-768x207.jpg 768w\" sizes=\"(max-width: 1200px) 100vw, 1200px\" \/><\/div>\t<div class=\"qodef-m-content\">\n\t\t<div class=\"qodef-m-content-inner\">\n\t\t\t\t\t\t\t<h3 class=\"qodef-m-title\" style=\"font-family: Amatic SC;font-size: 25px;font-weight: 700\">\n\tR\u00e8glement int\u00e9rieur\t<\/h3>\n\t\t\t\t\t\t<div class=\"qodef-m-front-image\">\n\t<\/div>\t\t<\/div>\n\t<\/div>\n\t<a itemprop=\"url\" href=\"\/wp-content\/uploads\/2025\/05\/2023-Reglement-Interieur-AEM.pdf\" class=\"qodef-m-banner-link\" target=\"_self\"><\/a>\n<\/div>\t\t\t\t<\/div>\n\t\t\t\t<\/div>\n\t\t\t\t\t<\/div>\n\t\t<\/div>\n\t\t\t\t<div class=\"elementor-column elementor-col-33 elementor-top-column elementor-element elementor-element-9f51483\" data-id=\"9f51483\" data-element_type=\"column\">\n\t\t\t<div class=\"elementor-widget-wrap elementor-element-populated\">\n\t\t\t\t\t\t<div class=\"elementor-element elementor-element-18908ce elementor-hidden-mobile elementor-widget elementor-widget-songbook_core_banner\" data-id=\"18908ce\" data-element_type=\"widget\" data-widget_type=\"songbook_core_banner.default\">\n\t\t\t\t<div class=\"elementor-widget-container\">\n\t\t\t\t\t<div class=\"qodef-shortcode qodef-m  qodef-banner qodef-layout--link-overlay\">\n\t<div class=\"qodef-m-image\">\n\t<img loading=\"lazy\" decoding=\"async\" width=\"1200\" height=\"324\" src=\"https:\/\/www.aem-ecully.fr\/wp-content\/uploads\/2025\/05\/Plan-de-travail-1rouge1.jpg\" class=\"attachment-full size-full\" alt=\"\" srcset=\"https:\/\/www.aem-ecully.fr\/wp-content\/uploads\/2025\/05\/Plan-de-travail-1rouge1.jpg 1200w, https:\/\/www.aem-ecully.fr\/wp-content\/uploads\/2025\/05\/Plan-de-travail-1rouge1-300x81.jpg 300w, https:\/\/www.aem-ecully.fr\/wp-content\/uploads\/2025\/05\/Plan-de-travail-1rouge1-1024x276.jpg 1024w, https:\/\/www.aem-ecully.fr\/wp-content\/uploads\/2025\/05\/Plan-de-travail-1rouge1-768x207.jpg 768w\" sizes=\"(max-width: 1200px) 100vw, 1200px\" \/><\/div>\t<div class=\"qodef-m-content\">\n\t\t<div class=\"qodef-m-content-inner\">\n\t\t\t\t\t\t\t<h3 class=\"qodef-m-title\" style=\"font-family: Amatic SC;font-size: 36px;font-weight: 700\">\n\tProjet d\u2019\u00e9tablissement\t<\/h3>\n\t\t\t\t\t\t<div class=\"qodef-m-front-image\">\n\t<\/div>\t\t<\/div>\n\t<\/div>\n\t<a itemprop=\"url\" href=\"https:\/\/www.aem-ecully.fr\/wp-content\/uploads\/2025\/12\/AEM-Projet-Etbl-2025-2030-VDef.pdf\" class=\"qodef-m-banner-link\" target=\"_self\"><\/a>\n<\/div>\t\t\t\t<\/div>\n\t\t\t\t<\/div>\n\t\t\t\t<div class=\"elementor-element elementor-element-c66e9f2 elementor-hidden-desktop elementor-hidden-tablet elementor-widget elementor-widget-songbook_core_banner\" data-id=\"c66e9f2\" data-element_type=\"widget\" data-widget_type=\"songbook_core_banner.default\">\n\t\t\t\t<div class=\"elementor-widget-container\">\n\t\t\t\t\t<div class=\"qodef-shortcode qodef-m  qodef-banner qodef-layout--link-overlay\">\n\t<div class=\"qodef-m-image\">\n\t<img loading=\"lazy\" decoding=\"async\" width=\"1200\" height=\"324\" src=\"https:\/\/www.aem-ecully.fr\/wp-content\/uploads\/2025\/05\/Plan-de-travail-1rouge1.jpg\" class=\"attachment-full size-full\" alt=\"\" srcset=\"https:\/\/www.aem-ecully.fr\/wp-content\/uploads\/2025\/05\/Plan-de-travail-1rouge1.jpg 1200w, https:\/\/www.aem-ecully.fr\/wp-content\/uploads\/2025\/05\/Plan-de-travail-1rouge1-300x81.jpg 300w, https:\/\/www.aem-ecully.fr\/wp-content\/uploads\/2025\/05\/Plan-de-travail-1rouge1-1024x276.jpg 1024w, https:\/\/www.aem-ecully.fr\/wp-content\/uploads\/2025\/05\/Plan-de-travail-1rouge1-768x207.jpg 768w\" sizes=\"(max-width: 1200px) 100vw, 1200px\" \/><\/div>\t<div class=\"qodef-m-content\">\n\t\t<div class=\"qodef-m-content-inner\">\n\t\t\t\t\t\t\t<h3 class=\"qodef-m-title\" style=\"font-family: Amatic SC;font-size: 24px;font-weight: 700\">\n\tProjet d\u2019\u00e9tablissement\t<\/h3>\n\t\t\t\t\t\t<div class=\"qodef-m-front-image\">\n\t<\/div>\t\t<\/div>\n\t<\/div>\n\t<a itemprop=\"url\" href=\"\/wp-content\/uploads\/2025\/05\/Projet-etablissement-2019-02-07-final.pdf\" class=\"qodef-m-banner-link\" target=\"_self\"><\/a>\n<\/div>\t\t\t\t<\/div>\n\t\t\t\t<\/div>\n\t\t\t\t\t<\/div>\n\t\t<\/div>\n\t\t\t\t\t<\/div>\n\t\t<\/section>\n\t\t\t\t<\/div>","protected":false},"excerpt":{"rendered":"<p>Une mission d\u2019acc\u00e8s, de partage et de cr\u00e9ation Objectif de l\u2019\u00e9cole de musique L\u2019\u00e9cole de musique a pour vocation de permettre\u00a0: L\u2019enseignement de la musique (formation th\u00e9orique, pratique instrumentale ou vocale) La pratique collective sous la forme des ensembles les plus divers, du duo aux ensembles les plus \u00e9toff\u00e9s : ensembles instrumentaux junior et adulte, [&hellip;]<\/p>","protected":false},"author":1,"featured_media":0,"parent":0,"menu_order":0,"comment_status":"closed","ping_status":"closed","template":"page-full-width.php","meta":{"footnotes":""},"class_list":["post-4107","page","type-page","status-publish","hentry"],"_links":{"self":[{"href":"https:\/\/www.aem-ecully.fr\/en\/wp-json\/wp\/v2\/pages\/4107","targetHints":{"allow":["GET"]}}],"collection":[{"href":"https:\/\/www.aem-ecully.fr\/en\/wp-json\/wp\/v2\/pages"}],"about":[{"href":"https:\/\/www.aem-ecully.fr\/en\/wp-json\/wp\/v2\/types\/page"}],"author":[{"embeddable":true,"href":"https:\/\/www.aem-ecully.fr\/en\/wp-json\/wp\/v2\/users\/1"}],"replies":[{"embeddable":true,"href":"https:\/\/www.aem-ecully.fr\/en\/wp-json\/wp\/v2\/comments?post=4107"}],"version-history":[{"count":67,"href":"https:\/\/www.aem-ecully.fr\/en\/wp-json\/wp\/v2\/pages\/4107\/revisions"}],"predecessor-version":[{"id":5011,"href":"https:\/\/www.aem-ecully.fr\/en\/wp-json\/wp\/v2\/pages\/4107\/revisions\/5011"}],"wp:attachment":[{"href":"https:\/\/www.aem-ecully.fr\/en\/wp-json\/wp\/v2\/media?parent=4107"}],"curies":[{"name":"wp","href":"https:\/\/api.w.org\/{rel}","templated":true}]}}