{"id":4246,"date":"2025-05-13T09:49:43","date_gmt":"2025-05-13T09:49:43","guid":{"rendered":"https:\/\/www.aem-ecully.fr\/?page_id=4246"},"modified":"2025-06-10T12:17:55","modified_gmt":"2025-06-10T12:17:55","slug":"ensembles-hebdomadaire","status":"publish","type":"page","link":"https:\/\/www.aem-ecully.fr\/en\/enseignements\/enfants\/ensembles-hebdomadaire\/","title":{"rendered":"Ensembles Hebdomadaire"},"content":{"rendered":"<div data-elementor-type=\"wp-page\" data-elementor-id=\"4246\" class=\"elementor elementor-4246\" data-elementor-settings=\"{&quot;ha_cmc_init_switcher&quot;:&quot;no&quot;}\">\n\t\t\t\t<div class=\"elementor-element elementor-element-14ca46a e-flex e-con-boxed e-con e-parent\" data-id=\"14ca46a\" data-element_type=\"container\" data-settings=\"{&quot;_ha_eqh_enable&quot;:false}\">\n\t\t\t\t\t<div class=\"e-con-inner\">\n\t\t\t\t<div class=\"elementor-element elementor-element-9a198bd elementor-widget elementor-widget-text-editor\" data-id=\"9a198bd\" data-element_type=\"widget\" data-widget_type=\"text-editor.default\">\n\t\t\t\t<div class=\"elementor-widget-container\">\n\t\t\t\t\t\t\t\t\t<p><span style=\"font-weight: 400;\">De nombreux cours collectifs sont propos\u00e9s.<\/span><\/p><p><span style=\"font-weight: 400;\">Leur pratique est tr\u00e8s fortement recommand\u00e9 pour am\u00e9liorer l\u2019apprentissage et \u00e9panouir l\u2019\u00e9l\u00e8ve dans sa pratique musicale.<\/span><\/p>\t\t\t\t\t\t\t\t<\/div>\n\t\t\t\t<\/div>\n\t\t\t\t\t<\/div>\n\t\t\t\t<\/div>\n\t\t<div class=\"elementor-element elementor-element-824e60e e-flex e-con-boxed e-con e-parent\" data-id=\"824e60e\" data-element_type=\"container\" data-settings=\"{&quot;_ha_eqh_enable&quot;:false}\">\n\t\t\t\t\t<div class=\"e-con-inner\">\n\t\t<div class=\"elementor-element elementor-element-97ccf55 e-con-full e-flex e-con e-child\" data-id=\"97ccf55\" data-element_type=\"container\" data-settings=\"{&quot;_ha_eqh_enable&quot;:false}\">\n\t\t\t\t<div class=\"elementor-element elementor-element-582d381 elementor-widget elementor-widget-songbook_core_icon_with_text\" data-id=\"582d381\" data-element_type=\"widget\" data-widget_type=\"songbook_core_icon_with_text.default\">\n\t\t\t\t<div class=\"elementor-widget-container\">\n\t\t\t\t\t<div class=\"qodef-shortcode qodef-m instru qodef-icon-with-text qodef-layout--before-title qodef--icon-pack\">\n\t<div class=\"qodef-m-content\">\n\t\t\t<h5 class=\"qodef-m-title\" style=\"margin-top: 16px\">\n\t\t\t\t\t<span class=\"qodef-m-title-inner\">\n\t\t\t\t<span class=\"qodef-m-icon-wrapper\">\n\t\t\t\t\t<span class=\"qodef-shortcode qodef-m  qodef-icon-holder qodef-size--default qodef-layout--normal\"  >\t        <span class=\"qodef-icon-ionicons ion-ios-musical-notes qodef-icon qodef-e\" style=\"color: #99283A\" ><\/span>    <\/span>\t\t\t\t<\/span>\n\t\t\t\t<span class=\"qodef-m-title-text\">\n\t\t\t\t\tChoeurs enfants et ados\t\t\t\t<\/span>\n\t\t\t<\/span>\n\t\t\t<\/h5>\n\t\t\t<\/div>\n<\/div>\t\t\t\t<\/div>\n\t\t\t\t<\/div>\n\t\t\t\t<div class=\"elementor-element elementor-element-0dbe051 elementor-widget elementor-widget-songbook_core_icon_with_text\" data-id=\"0dbe051\" data-element_type=\"widget\" data-widget_type=\"songbook_core_icon_with_text.default\">\n\t\t\t\t<div class=\"elementor-widget-container\">\n\t\t\t\t\t<div class=\"qodef-shortcode qodef-m instru qodef-icon-with-text qodef-layout--before-title qodef--icon-pack\">\n\t<div class=\"qodef-m-content\">\n\t\t\t<h5 class=\"qodef-m-title\" style=\"margin-top: 16px\">\n\t\t\t\t\t<span class=\"qodef-m-title-inner\">\n\t\t\t\t<span class=\"qodef-m-icon-wrapper\">\n\t\t\t\t\t<span class=\"qodef-shortcode qodef-m  qodef-icon-holder qodef-size--default qodef-layout--normal\"  >\t        <span class=\"qodef-icon-ionicons ion-ios-musical-notes qodef-icon qodef-e\" style=\"color: #99283A\" ><\/span>    <\/span>\t\t\t\t<\/span>\n\t\t\t\t<span class=\"qodef-m-title-text\">\n\t\t\t\t\tFanfare\t\t\t\t<\/span>\n\t\t\t<\/span>\n\t\t\t<\/h5>\n\t\t\t<\/div>\n<\/div>\t\t\t\t<\/div>\n\t\t\t\t<\/div>\n\t\t\t\t<div class=\"elementor-element elementor-element-a45fe70 elementor-widget elementor-widget-songbook_core_icon_with_text\" data-id=\"a45fe70\" data-element_type=\"widget\" data-widget_type=\"songbook_core_icon_with_text.default\">\n\t\t\t\t<div class=\"elementor-widget-container\">\n\t\t\t\t\t<div class=\"qodef-shortcode qodef-m instru qodef-icon-with-text qodef-layout--before-title qodef--icon-pack\">\n\t<div class=\"qodef-m-content\">\n\t\t\t<h5 class=\"qodef-m-title\" style=\"margin-top: 16px\">\n\t\t\t\t\t<span class=\"qodef-m-title-inner\">\n\t\t\t\t<span class=\"qodef-m-icon-wrapper\">\n\t\t\t\t\t<span class=\"qodef-shortcode qodef-m  qodef-icon-holder qodef-size--default qodef-layout--normal\"  >\t        <span class=\"qodef-icon-ionicons ion-ios-musical-notes qodef-icon qodef-e\" style=\"color: #99283A\" ><\/span>    <\/span>\t\t\t\t<\/span>\n\t\t\t\t<span class=\"qodef-m-title-text\">\n\t\t\t\t\tPr\u00e9 Orchestre\t\t\t\t<\/span>\n\t\t\t<\/span>\n\t\t\t<\/h5>\n\t\t\t<\/div>\n<\/div>\t\t\t\t<\/div>\n\t\t\t\t<\/div>\n\t\t\t\t<div class=\"elementor-element elementor-element-2393525 elementor-widget elementor-widget-songbook_core_icon_with_text\" data-id=\"2393525\" data-element_type=\"widget\" data-widget_type=\"songbook_core_icon_with_text.default\">\n\t\t\t\t<div class=\"elementor-widget-container\">\n\t\t\t\t\t<div class=\"qodef-shortcode qodef-m instru qodef-icon-with-text qodef-layout--before-title qodef--icon-pack\">\n\t<div class=\"qodef-m-content\">\n\t\t\t<h5 class=\"qodef-m-title\" style=\"margin-top: 16px\">\n\t\t\t\t\t<span class=\"qodef-m-title-inner\">\n\t\t\t\t<span class=\"qodef-m-icon-wrapper\">\n\t\t\t\t\t<span class=\"qodef-shortcode qodef-m  qodef-icon-holder qodef-size--default qodef-layout--normal\"  >\t        <span class=\"qodef-icon-ionicons ion-ios-musical-notes qodef-icon qodef-e\" style=\"color: #99283A\" ><\/span>    <\/span>\t\t\t\t<\/span>\n\t\t\t\t<span class=\"qodef-m-title-text\">\n\t\t\t\t\tOrchestre Junior et adultes\t\t\t\t<\/span>\n\t\t\t<\/span>\n\t\t\t<\/h5>\n\t\t\t<\/div>\n<\/div>\t\t\t\t<\/div>\n\t\t\t\t<\/div>\n\t\t\t\t<div class=\"elementor-element elementor-element-38fcd32 elementor-widget elementor-widget-songbook_core_icon_with_text\" data-id=\"38fcd32\" data-element_type=\"widget\" data-widget_type=\"songbook_core_icon_with_text.default\">\n\t\t\t\t<div class=\"elementor-widget-container\">\n\t\t\t\t\t<div class=\"qodef-shortcode qodef-m instru qodef-icon-with-text qodef-layout--before-title qodef--icon-pack\">\n\t<div class=\"qodef-m-content\">\n\t\t\t<h5 class=\"qodef-m-title\" style=\"margin-top: 16px\">\n\t\t\t\t\t<span class=\"qodef-m-title-inner\">\n\t\t\t\t<span class=\"qodef-m-icon-wrapper\">\n\t\t\t\t\t<span class=\"qodef-shortcode qodef-m  qodef-icon-holder qodef-size--default qodef-layout--normal\"  >\t        <span class=\"qodef-icon-ionicons ion-ios-musical-notes qodef-icon qodef-e\" style=\"color: #99283A\" ><\/span>    <\/span>\t\t\t\t<\/span>\n\t\t\t\t<span class=\"qodef-m-title-text\">\n\t\t\t\t\tMusiques anciennes\t\t\t\t<\/span>\n\t\t\t<\/span>\n\t\t\t<\/h5>\n\t\t\t<\/div>\n<\/div>\t\t\t\t<\/div>\n\t\t\t\t<\/div>\n\t\t\t\t<div class=\"elementor-element elementor-element-a88e46f elementor-widget elementor-widget-songbook_core_icon_with_text\" data-id=\"a88e46f\" data-element_type=\"widget\" data-widget_type=\"songbook_core_icon_with_text.default\">\n\t\t\t\t<div class=\"elementor-widget-container\">\n\t\t\t\t\t<div class=\"qodef-shortcode qodef-m instru qodef-icon-with-text qodef-layout--before-title qodef--icon-pack\">\n\t<div class=\"qodef-m-content\">\n\t\t\t<h5 class=\"qodef-m-title\" style=\"margin-top: 16px\">\n\t\t\t\t\t<span class=\"qodef-m-title-inner\">\n\t\t\t\t<span class=\"qodef-m-icon-wrapper\">\n\t\t\t\t\t<span class=\"qodef-shortcode qodef-m  qodef-icon-holder qodef-size--default qodef-layout--normal\"  >\t        <span class=\"qodef-icon-ionicons ion-ios-musical-notes qodef-icon qodef-e\" style=\"color: #99283A\" ><\/span>    <\/span>\t\t\t\t<\/span>\n\t\t\t\t<span class=\"qodef-m-title-text\">\n\t\t\t\t\tChorale adultes\t\t\t\t<\/span>\n\t\t\t<\/span>\n\t\t\t<\/h5>\n\t\t\t<\/div>\n<\/div>\t\t\t\t<\/div>\n\t\t\t\t<\/div>\n\t\t\t\t<div class=\"elementor-element elementor-element-5d9b66d elementor-widget elementor-widget-songbook_core_icon_with_text\" data-id=\"5d9b66d\" data-element_type=\"widget\" data-widget_type=\"songbook_core_icon_with_text.default\">\n\t\t\t\t<div class=\"elementor-widget-container\">\n\t\t\t\t\t<div class=\"qodef-shortcode qodef-m instru qodef-icon-with-text qodef-layout--before-title qodef--icon-pack\">\n\t<div class=\"qodef-m-content\">\n\t\t\t<h5 class=\"qodef-m-title\" style=\"margin-top: 16px\">\n\t\t\t\t\t<span class=\"qodef-m-title-inner\">\n\t\t\t\t<span class=\"qodef-m-icon-wrapper\">\n\t\t\t\t\t<span class=\"qodef-shortcode qodef-m  qodef-icon-holder qodef-size--default qodef-layout--normal\"  >\t        <span class=\"qodef-icon-ionicons ion-ios-musical-notes qodef-icon qodef-e\" style=\"color: #99283A\" ><\/span>    <\/span>\t\t\t\t<\/span>\n\t\t\t\t<span class=\"qodef-m-title-text\">\n\t\t\t\t\tAtelier musiques actuelles\t\t\t\t<\/span>\n\t\t\t<\/span>\n\t\t\t<\/h5>\n\t\t\t<\/div>\n<\/div>\t\t\t\t<\/div>\n\t\t\t\t<\/div>\n\t\t\t\t<div class=\"elementor-element elementor-element-c54aa09 elementor-widget elementor-widget-songbook_core_icon_with_text\" data-id=\"c54aa09\" data-element_type=\"widget\" data-widget_type=\"songbook_core_icon_with_text.default\">\n\t\t\t\t<div class=\"elementor-widget-container\">\n\t\t\t\t\t<div class=\"qodef-shortcode qodef-m instru qodef-icon-with-text qodef-layout--before-title qodef--icon-pack\">\n\t<div class=\"qodef-m-content\">\n\t\t\t<h5 class=\"qodef-m-title\" style=\"margin-top: 16px\">\n\t\t\t\t\t<span class=\"qodef-m-title-inner\">\n\t\t\t\t<span class=\"qodef-m-icon-wrapper\">\n\t\t\t\t\t<span class=\"qodef-shortcode qodef-m  qodef-icon-holder qodef-size--default qodef-layout--normal\"  >\t        <span class=\"qodef-icon-ionicons ion-ios-musical-notes qodef-icon qodef-e\" style=\"color: #99283A\" ><\/span>    <\/span>\t\t\t\t<\/span>\n\t\t\t\t<span class=\"qodef-m-title-text\">\n\t\t\t\t\tCombos\t\t\t\t<\/span>\n\t\t\t<\/span>\n\t\t\t<\/h5>\n\t\t\t<\/div>\n<\/div>\t\t\t\t<\/div>\n\t\t\t\t<\/div>\n\t\t\t\t<\/div>\n\t\t\t\t<div class=\"elementor-element elementor-element-689ebf6 elementor-widget elementor-widget-image\" data-id=\"689ebf6\" data-element_type=\"widget\" data-widget_type=\"image.default\">\n\t\t\t\t<div class=\"elementor-widget-container\">\n\t\t\t\t\t\t\t\t\t\t\t\t\t\t\t<img fetchpriority=\"high\" decoding=\"async\" width=\"1024\" height=\"683\" src=\"https:\/\/www.aem-ecully.fr\/wp-content\/uploads\/2025\/06\/IMG_3240_DxO-1024x683.jpg\" class=\"attachment-large size-large wp-image-4674\" alt=\"\" srcset=\"https:\/\/www.aem-ecully.fr\/wp-content\/uploads\/2025\/06\/IMG_3240_DxO-1024x683.jpg 1024w, https:\/\/www.aem-ecully.fr\/wp-content\/uploads\/2025\/06\/IMG_3240_DxO-300x200.jpg 300w, https:\/\/www.aem-ecully.fr\/wp-content\/uploads\/2025\/06\/IMG_3240_DxO-768x512.jpg 768w, https:\/\/www.aem-ecully.fr\/wp-content\/uploads\/2025\/06\/IMG_3240_DxO-1536x1024.jpg 1536w, https:\/\/www.aem-ecully.fr\/wp-content\/uploads\/2025\/06\/IMG_3240_DxO.jpg 2048w\" sizes=\"(max-width: 1024px) 100vw, 1024px\" \/>\t\t\t\t\t\t\t\t\t\t\t\t\t\t\t<\/div>\n\t\t\t\t<\/div>\n\t\t\t\t\t<\/div>\n\t\t\t\t<\/div>\n\t\t\t\t<\/div>","protected":false},"excerpt":{"rendered":"<p>De nombreux cours collectifs sont propos\u00e9s. Leur pratique est tr\u00e8s fortement recommand\u00e9 pour am\u00e9liorer l\u2019apprentissage et \u00e9panouir l\u2019\u00e9l\u00e8ve dans sa pratique musicale. Choeurs enfants et ados Fanfare Pr\u00e9 Orchestre Orchestre Junior et adultes Musiques anciennes Chorale adultes Atelier musiques actuelles Combos<\/p>","protected":false},"author":1,"featured_media":0,"parent":4148,"menu_order":0,"comment_status":"closed","ping_status":"closed","template":"page-full-width.php","meta":{"footnotes":""},"class_list":["post-4246","page","type-page","status-publish","hentry"],"_links":{"self":[{"href":"https:\/\/www.aem-ecully.fr\/en\/wp-json\/wp\/v2\/pages\/4246","targetHints":{"allow":["GET"]}}],"collection":[{"href":"https:\/\/www.aem-ecully.fr\/en\/wp-json\/wp\/v2\/pages"}],"about":[{"href":"https:\/\/www.aem-ecully.fr\/en\/wp-json\/wp\/v2\/types\/page"}],"author":[{"embeddable":true,"href":"https:\/\/www.aem-ecully.fr\/en\/wp-json\/wp\/v2\/users\/1"}],"replies":[{"embeddable":true,"href":"https:\/\/www.aem-ecully.fr\/en\/wp-json\/wp\/v2\/comments?post=4246"}],"version-history":[{"count":28,"href":"https:\/\/www.aem-ecully.fr\/en\/wp-json\/wp\/v2\/pages\/4246\/revisions"}],"predecessor-version":[{"id":4834,"href":"https:\/\/www.aem-ecully.fr\/en\/wp-json\/wp\/v2\/pages\/4246\/revisions\/4834"}],"up":[{"embeddable":true,"href":"https:\/\/www.aem-ecully.fr\/en\/wp-json\/wp\/v2\/pages\/4148"}],"wp:attachment":[{"href":"https:\/\/www.aem-ecully.fr\/en\/wp-json\/wp\/v2\/media?parent=4246"}],"curies":[{"name":"wp","href":"https:\/\/api.w.org\/{rel}","templated":true}]}}