{"id":4735,"date":"2025-06-06T10:16:32","date_gmt":"2025-06-06T10:16:32","guid":{"rendered":"https:\/\/www.aem-ecully.fr\/?page_id=4735"},"modified":"2025-09-23T09:18:38","modified_gmt":"2025-09-23T09:18:38","slug":"inscriptions","status":"publish","type":"page","link":"https:\/\/www.aem-ecully.fr\/en\/inscriptions\/","title":{"rendered":"Inscriptions"},"content":{"rendered":"<div data-elementor-type=\"wp-page\" data-elementor-id=\"4735\" class=\"elementor elementor-4735\" data-elementor-settings=\"{&quot;ha_cmc_init_switcher&quot;:&quot;no&quot;}\">\n\t\t\t\t\t\t<section class=\"elementor-section elementor-top-section elementor-element elementor-element-d5669b3 qodef-elementor-content-grid elementor-section-boxed elementor-section-height-default elementor-section-height-default\" data-id=\"d5669b3\" data-element_type=\"section\" data-settings=\"{&quot;_ha_eqh_enable&quot;:false}\">\n\t\t\t\t\t\t<div class=\"elementor-container elementor-column-gap-default\">\n\t\t\t\t\t<div class=\"elementor-column elementor-col-50 elementor-top-column elementor-element elementor-element-933bca1\" data-id=\"933bca1\" data-element_type=\"column\" data-settings=\"{&quot;background_background&quot;:&quot;classic&quot;}\">\n\t\t\t<div class=\"elementor-widget-wrap elementor-element-populated\">\n\t\t\t\t\t\t<div class=\"elementor-element elementor-element-dbf9c4f elementor-widget elementor-widget-songbook_core_button\" data-id=\"dbf9c4f\" data-element_type=\"widget\" data-widget_type=\"songbook_core_button.default\">\n\t\t\t\t<div class=\"elementor-widget-container\">\n\t\t\t\t\t<a class=\"qodef-shortcode qodef-m  qodef-button qodef-layout--filled  qodef-html--link\" href=\"\/en\/enseignements\/\" target=\"_blank\"  >\n\t<span class=\"qodef-m-text\">Voir le cursus p\u00e9dagogique<\/span>\n\t<span class=\"qodef-m-border-vertical\" ><\/span>\n\t<span class=\"qodef-m-border-horizontal\" ><\/span>\n<\/a>\t\t\t\t<\/div>\n\t\t\t\t<\/div>\n\t\t\t\t\t<\/div>\n\t\t<\/div>\n\t\t\t\t<div class=\"elementor-column elementor-col-50 elementor-top-column elementor-element elementor-element-b5a208e elementor-hidden-tablet elementor-hidden-mobile\" data-id=\"b5a208e\" data-element_type=\"column\" data-settings=\"{&quot;background_background&quot;:&quot;classic&quot;}\">\n\t\t\t<div class=\"elementor-widget-wrap elementor-element-populated\">\n\t\t\t\t\t\t<div class=\"elementor-element elementor-element-1521dce elementor-widget elementor-widget-image\" data-id=\"1521dce\" data-element_type=\"widget\" data-widget_type=\"image.default\">\n\t\t\t\t<div class=\"elementor-widget-container\">\n\t\t\t\t\t\t\t\t\t\t\t\t\t\t\t<img fetchpriority=\"high\" decoding=\"async\" width=\"2560\" height=\"2560\" src=\"https:\/\/www.aem-ecully.fr\/wp-content\/uploads\/2025\/05\/Couleur02-1-scaled.jpg\" class=\"attachment-full size-full wp-image-4453\" alt=\"\" srcset=\"https:\/\/www.aem-ecully.fr\/wp-content\/uploads\/2025\/05\/Couleur02-1-scaled.jpg 2560w, https:\/\/www.aem-ecully.fr\/wp-content\/uploads\/2025\/05\/Couleur02-1-300x300.jpg 300w, https:\/\/www.aem-ecully.fr\/wp-content\/uploads\/2025\/05\/Couleur02-1-1024x1024.jpg 1024w, https:\/\/www.aem-ecully.fr\/wp-content\/uploads\/2025\/05\/Couleur02-1-150x150.jpg 150w, https:\/\/www.aem-ecully.fr\/wp-content\/uploads\/2025\/05\/Couleur02-1-768x768.jpg 768w, https:\/\/www.aem-ecully.fr\/wp-content\/uploads\/2025\/05\/Couleur02-1-1536x1536.jpg 1536w, https:\/\/www.aem-ecully.fr\/wp-content\/uploads\/2025\/05\/Couleur02-1-2048x2048.jpg 2048w, https:\/\/www.aem-ecully.fr\/wp-content\/uploads\/2025\/05\/Couleur02-1-650x650.jpg 650w, https:\/\/www.aem-ecully.fr\/wp-content\/uploads\/2025\/05\/Couleur02-1-1300x1300.jpg 1300w\" sizes=\"(max-width: 2560px) 100vw, 2560px\" \/>\t\t\t\t\t\t\t\t\t\t\t\t\t\t\t<\/div>\n\t\t\t\t<\/div>\n\t\t\t\t\t<\/div>\n\t\t<\/div>\n\t\t\t\t\t<\/div>\n\t\t<\/section>\n\t\t\t\t<section class=\"elementor-section elementor-top-section elementor-element elementor-element-5a8c951 qodef-elementor-content-grid elementor-section-boxed elementor-section-height-default elementor-section-height-default\" data-id=\"5a8c951\" data-element_type=\"section\" data-settings=\"{&quot;_ha_eqh_enable&quot;:false}\">\n\t\t\t\t\t\t<div class=\"elementor-container elementor-column-gap-default\">\n\t\t\t\t\t<div class=\"elementor-column elementor-col-100 elementor-top-column elementor-element elementor-element-0efee83\" data-id=\"0efee83\" data-element_type=\"column\" data-settings=\"{&quot;background_background&quot;:&quot;classic&quot;}\">\n\t\t\t<div class=\"elementor-widget-wrap elementor-element-populated\">\n\t\t\t\t\t\t<div class=\"elementor-element elementor-element-2ce99ef elementor-widget elementor-widget-songbook_core_section_title\" data-id=\"2ce99ef\" data-element_type=\"widget\" data-widget_type=\"songbook_core_section_title.default\">\n\t\t\t\t<div class=\"elementor-widget-container\">\n\t\t\t\t\t<div class=\"qodef-shortcode qodef-m  qodef-section-title qodef-alignment--left\">\n\t\t<h6 class=\"qodef-m-subtitle\" >\n\t\t<span>\n\t\t\tInscriptions\t\t<\/span>\n\t<\/h6>\n\t\t<h1 class=\"qodef-m-title\" style=\"margin-top: 11px\">\n\t\t\t\t\tTarifs\t\t\t<\/h1>\n\t\t<\/div>\t\t\t\t<\/div>\n\t\t\t\t<\/div>\n\t\t\t\t<div class=\"elementor-element elementor-element-1eb4725 elementor-widget elementor-widget-image\" data-id=\"1eb4725\" data-element_type=\"widget\" data-widget_type=\"image.default\">\n\t\t\t\t<div class=\"elementor-widget-container\">\n\t\t\t\t\t\t\t\t\t\t\t\t\t\t\t<img decoding=\"async\" width=\"846\" height=\"785\" src=\"https:\/\/www.aem-ecully.fr\/wp-content\/uploads\/2025\/06\/Capture-decran-2025-06-06-123123.png\" class=\"attachment-large size-large wp-image-4740\" alt=\"\" srcset=\"https:\/\/www.aem-ecully.fr\/wp-content\/uploads\/2025\/06\/Capture-decran-2025-06-06-123123.png 846w, https:\/\/www.aem-ecully.fr\/wp-content\/uploads\/2025\/06\/Capture-decran-2025-06-06-123123-300x278.png 300w, https:\/\/www.aem-ecully.fr\/wp-content\/uploads\/2025\/06\/Capture-decran-2025-06-06-123123-768x713.png 768w\" sizes=\"(max-width: 846px) 100vw, 846px\" \/>\t\t\t\t\t\t\t\t\t\t\t\t\t\t\t<\/div>\n\t\t\t\t<\/div>\n\t\t\t\t<div class=\"elementor-element elementor-element-5f42ddd elementor-widget elementor-widget-songbook_core_button\" data-id=\"5f42ddd\" data-element_type=\"widget\" data-widget_type=\"songbook_core_button.default\">\n\t\t\t\t<div class=\"elementor-widget-container\">\n\t\t\t\t\t<a class=\"qodef-shortcode qodef-m  qodef-button qodef-layout--filled  qodef-html--link\" href=\"\/wp-content\/uploads\/2025\/06\/AEM-tarifs-1-1.pdf\" target=\"_blank\"  >\n\t<span class=\"qodef-m-text\">T\u00e9l\u00e9charger les tarifs<\/span>\n\t<span class=\"qodef-m-border-vertical\" ><\/span>\n\t<span class=\"qodef-m-border-horizontal\" ><\/span>\n<\/a>\t\t\t\t<\/div>\n\t\t\t\t<\/div>\n\t\t\t\t\t<\/div>\n\t\t<\/div>\n\t\t\t\t\t<\/div>\n\t\t<\/section>\n\t\t\t\t<section class=\"elementor-section elementor-top-section elementor-element elementor-element-5a7e462 elementor-section-full_width elementor-section-height-default elementor-section-height-default qodef-elementor-content-no\" data-id=\"5a7e462\" data-element_type=\"section\" data-settings=\"{&quot;_ha_eqh_enable&quot;:false}\">\n\t\t\t\t\t\t<div class=\"elementor-container elementor-column-gap-default\">\n\t\t\t\t\t<div class=\"elementor-column elementor-col-100 elementor-top-column elementor-element elementor-element-a1d2679\" data-id=\"a1d2679\" data-element_type=\"column\" data-settings=\"{&quot;background_background&quot;:&quot;classic&quot;}\">\n\t\t\t<div class=\"elementor-widget-wrap\">\n\t\t\t\t\t\t\t<\/div>\n\t\t<\/div>\n\t\t\t\t\t<\/div>\n\t\t<\/section>\n\t\t<div class=\"elementor-element elementor-element-027a862 e-flex e-con-boxed e-con e-parent\" data-id=\"027a862\" data-element_type=\"container\" data-settings=\"{&quot;_ha_eqh_enable&quot;:false}\">\n\t\t\t\t\t<div class=\"e-con-inner\">\n\t\t\t\t<div class=\"elementor-element elementor-element-1ca6f48 elementor-widget elementor-widget-songbook_core_section_title\" data-id=\"1ca6f48\" data-element_type=\"widget\" data-widget_type=\"songbook_core_section_title.default\">\n\t\t\t\t<div class=\"elementor-widget-container\">\n\t\t\t\t\t<div class=\"qodef-shortcode qodef-m  qodef-section-title qodef-alignment--center\">\n\t\t<h6 class=\"qodef-m-subtitle\" >\n\t\t<span>\n\t\t\tDocuments\t\t<\/span>\n\t<\/h6>\n\t\t<h1 class=\"qodef-m-title\" style=\"margin-top: 11px\">\n\t\t\t\t\tAutres documents \u00e0 consulter\t\t\t<\/h1>\n\t\t<\/div>\t\t\t\t<\/div>\n\t\t\t\t<\/div>\n\t\t\t\t\t<\/div>\n\t\t\t\t<\/div>\n\t\t\t\t<section class=\"elementor-section elementor-top-section elementor-element elementor-element-a0e4d34 elementor-section-full_width elementor-section-height-default elementor-section-height-default qodef-elementor-content-no\" data-id=\"a0e4d34\" data-element_type=\"section\" data-settings=\"{&quot;_ha_eqh_enable&quot;:false}\">\n\t\t\t\t\t\t<div class=\"elementor-container elementor-column-gap-default\">\n\t\t\t\t\t<div class=\"elementor-column elementor-col-25 elementor-top-column elementor-element elementor-element-385f74b\" data-id=\"385f74b\" data-element_type=\"column\">\n\t\t\t<div class=\"elementor-widget-wrap elementor-element-populated\">\n\t\t\t\t\t\t<div class=\"elementor-element elementor-element-06872b3 elementor-widget elementor-widget-songbook_core_banner\" data-id=\"06872b3\" data-element_type=\"widget\" data-widget_type=\"songbook_core_banner.default\">\n\t\t\t\t<div class=\"elementor-widget-container\">\n\t\t\t\t\t<div class=\"qodef-shortcode qodef-m  qodef-banner qodef-layout--link-overlay\">\n\t<div class=\"qodef-m-image\">\n\t<img decoding=\"async\" width=\"1200\" height=\"324\" src=\"https:\/\/www.aem-ecully.fr\/wp-content\/uploads\/2025\/05\/Plan-de-travail-1rouge2-1.jpg\" class=\"attachment-full size-full\" alt=\"\" srcset=\"https:\/\/www.aem-ecully.fr\/wp-content\/uploads\/2025\/05\/Plan-de-travail-1rouge2-1.jpg 1200w, https:\/\/www.aem-ecully.fr\/wp-content\/uploads\/2025\/05\/Plan-de-travail-1rouge2-1-300x81.jpg 300w, https:\/\/www.aem-ecully.fr\/wp-content\/uploads\/2025\/05\/Plan-de-travail-1rouge2-1-1024x276.jpg 1024w, https:\/\/www.aem-ecully.fr\/wp-content\/uploads\/2025\/05\/Plan-de-travail-1rouge2-1-768x207.jpg 768w\" sizes=\"(max-width: 1200px) 100vw, 1200px\" \/><\/div>\t<div class=\"qodef-m-content\">\n\t\t<div class=\"qodef-m-content-inner\">\n\t\t\t\t\t\t\t<h3 class=\"qodef-m-title\" style=\"font-family: Amatic SC;font-size: 30px;font-weight: 700\">\n\tEnsembles\t<\/h3>\n\t\t\t\t\t\t<div class=\"qodef-m-front-image\">\n\t<\/div>\t\t<\/div>\n\t<\/div>\n\t<a itemprop=\"url\" href=\"\/wp-content\/uploads\/2025\/06\/AEM-ensembles-2026.pdf\" class=\"qodef-m-banner-link\" target=\"_blank\"><\/a>\n<\/div>\t\t\t\t<\/div>\n\t\t\t\t<\/div>\n\t\t\t\t\t<\/div>\n\t\t<\/div>\n\t\t\t\t<div class=\"elementor-column elementor-col-25 elementor-top-column elementor-element elementor-element-74f6e09\" data-id=\"74f6e09\" data-element_type=\"column\">\n\t\t\t<div class=\"elementor-widget-wrap elementor-element-populated\">\n\t\t\t\t\t\t<div class=\"elementor-element elementor-element-f4006d0 elementor-widget elementor-widget-songbook_core_banner\" data-id=\"f4006d0\" data-element_type=\"widget\" data-widget_type=\"songbook_core_banner.default\">\n\t\t\t\t<div class=\"elementor-widget-container\">\n\t\t\t\t\t<div class=\"qodef-shortcode qodef-m  qodef-banner qodef-layout--link-overlay\">\n\t<div class=\"qodef-m-image\">\n\t<img loading=\"lazy\" decoding=\"async\" width=\"1200\" height=\"324\" src=\"https:\/\/www.aem-ecully.fr\/wp-content\/uploads\/2025\/05\/Plan-de-travail-1rouge-1.jpg\" class=\"attachment-full size-full\" alt=\"\" srcset=\"https:\/\/www.aem-ecully.fr\/wp-content\/uploads\/2025\/05\/Plan-de-travail-1rouge-1.jpg 1200w, https:\/\/www.aem-ecully.fr\/wp-content\/uploads\/2025\/05\/Plan-de-travail-1rouge-1-300x81.jpg 300w, https:\/\/www.aem-ecully.fr\/wp-content\/uploads\/2025\/05\/Plan-de-travail-1rouge-1-1024x276.jpg 1024w, https:\/\/www.aem-ecully.fr\/wp-content\/uploads\/2025\/05\/Plan-de-travail-1rouge-1-768x207.jpg 768w\" sizes=\"(max-width: 1200px) 100vw, 1200px\" \/><\/div>\t<div class=\"qodef-m-content\">\n\t\t<div class=\"qodef-m-content-inner\">\n\t\t\t\t\t\t\t<h3 class=\"qodef-m-title\" style=\"font-family: Amatic SC;font-size: 30px;font-weight: 700\">\n\t\u00c9veil\t<\/h3>\n\t\t\t\t\t\t<div class=\"qodef-m-front-image\">\n\t<\/div>\t\t<\/div>\n\t<\/div>\n\t<a itemprop=\"url\" href=\"\/wp-content\/uploads\/2025\/06\/AEM-Eveil-Decouverte.pdf\" class=\"qodef-m-banner-link\" target=\"_blank\"><\/a>\n<\/div>\t\t\t\t<\/div>\n\t\t\t\t<\/div>\n\t\t\t\t\t<\/div>\n\t\t<\/div>\n\t\t\t\t<div class=\"elementor-column elementor-col-25 elementor-top-column elementor-element elementor-element-9f51483\" data-id=\"9f51483\" data-element_type=\"column\">\n\t\t\t<div class=\"elementor-widget-wrap elementor-element-populated\">\n\t\t\t\t\t\t<div class=\"elementor-element elementor-element-18908ce elementor-widget elementor-widget-songbook_core_banner\" data-id=\"18908ce\" data-element_type=\"widget\" data-widget_type=\"songbook_core_banner.default\">\n\t\t\t\t<div class=\"elementor-widget-container\">\n\t\t\t\t\t<div class=\"qodef-shortcode qodef-m  qodef-banner qodef-layout--link-overlay\">\n\t<div class=\"qodef-m-image\">\n\t<img loading=\"lazy\" decoding=\"async\" width=\"1200\" height=\"324\" src=\"https:\/\/www.aem-ecully.fr\/wp-content\/uploads\/2025\/05\/Plan-de-travail-1rouge1.jpg\" class=\"attachment-full size-full\" alt=\"\" srcset=\"https:\/\/www.aem-ecully.fr\/wp-content\/uploads\/2025\/05\/Plan-de-travail-1rouge1.jpg 1200w, https:\/\/www.aem-ecully.fr\/wp-content\/uploads\/2025\/05\/Plan-de-travail-1rouge1-300x81.jpg 300w, https:\/\/www.aem-ecully.fr\/wp-content\/uploads\/2025\/05\/Plan-de-travail-1rouge1-1024x276.jpg 1024w, https:\/\/www.aem-ecully.fr\/wp-content\/uploads\/2025\/05\/Plan-de-travail-1rouge1-768x207.jpg 768w\" sizes=\"(max-width: 1200px) 100vw, 1200px\" \/><\/div>\t<div class=\"qodef-m-content\">\n\t\t<div class=\"qodef-m-content-inner\">\n\t\t\t\t\t\t\t<h3 class=\"qodef-m-title\" style=\"font-family: Amatic SC;font-size: 30px;font-weight: 700\">\n\tFormations\t<\/h3>\n\t\t\t\t\t\t<div class=\"qodef-m-front-image\">\n\t<\/div>\t\t<\/div>\n\t<\/div>\n\t<a itemprop=\"url\" href=\"\/wp-content\/uploads\/2025\/06\/AEM-FM.pdf\" class=\"qodef-m-banner-link\" target=\"_blank\"><\/a>\n<\/div>\t\t\t\t<\/div>\n\t\t\t\t<\/div>\n\t\t\t\t\t<\/div>\n\t\t<\/div>\n\t\t\t\t<div class=\"elementor-column elementor-col-25 elementor-top-column elementor-element elementor-element-3755510\" data-id=\"3755510\" data-element_type=\"column\">\n\t\t\t<div class=\"elementor-widget-wrap elementor-element-populated\">\n\t\t\t\t\t\t<div class=\"elementor-element elementor-element-d6f27a2 elementor-widget elementor-widget-songbook_core_banner\" data-id=\"d6f27a2\" data-element_type=\"widget\" data-widget_type=\"songbook_core_banner.default\">\n\t\t\t\t<div class=\"elementor-widget-container\">\n\t\t\t\t\t<div class=\"qodef-shortcode qodef-m  qodef-banner qodef-layout--link-overlay\">\n\t<div class=\"qodef-m-image\">\n\t<img loading=\"lazy\" decoding=\"async\" width=\"1200\" height=\"324\" src=\"https:\/\/www.aem-ecully.fr\/wp-content\/uploads\/2025\/05\/Plan-de-travail-1rouge1.jpg\" class=\"attachment-full size-full\" alt=\"\" srcset=\"https:\/\/www.aem-ecully.fr\/wp-content\/uploads\/2025\/05\/Plan-de-travail-1rouge1.jpg 1200w, https:\/\/www.aem-ecully.fr\/wp-content\/uploads\/2025\/05\/Plan-de-travail-1rouge1-300x81.jpg 300w, https:\/\/www.aem-ecully.fr\/wp-content\/uploads\/2025\/05\/Plan-de-travail-1rouge1-1024x276.jpg 1024w, https:\/\/www.aem-ecully.fr\/wp-content\/uploads\/2025\/05\/Plan-de-travail-1rouge1-768x207.jpg 768w\" sizes=\"(max-width: 1200px) 100vw, 1200px\" \/><\/div>\t<div class=\"qodef-m-content\">\n\t\t<div class=\"qodef-m-content-inner\">\n\t\t\t\t\t\t\t<h3 class=\"qodef-m-title\" style=\"font-family: Amatic SC;font-size: 30px;font-weight: 700\">\n\tInstruments\t<\/h3>\n\t\t\t\t\t\t<div class=\"qodef-m-front-image\">\n\t<\/div>\t\t<\/div>\n\t<\/div>\n\t<a itemprop=\"url\" href=\"\/wp-content\/uploads\/2025\/06\/AEM-FM-2026.pdf\" class=\"qodef-m-banner-link\" target=\"_blank\"><\/a>\n<\/div>\t\t\t\t<\/div>\n\t\t\t\t<\/div>\n\t\t\t\t\t<\/div>\n\t\t<\/div>\n\t\t\t\t\t<\/div>\n\t\t<\/section>\n\t\t\t\t<\/div>","protected":false},"excerpt":{"rendered":"<p>Voir le cursus p\u00e9dagogique Inscriptions Tarifs T\u00e9l\u00e9charger les tarifs Documents Autres documents \u00e0 consulter Ensembles \u00c9veil Formations Instruments<\/p>","protected":false},"author":1,"featured_media":0,"parent":0,"menu_order":0,"comment_status":"closed","ping_status":"closed","template":"page-full-width.php","meta":{"footnotes":""},"class_list":["post-4735","page","type-page","status-publish","hentry"],"_links":{"self":[{"href":"https:\/\/www.aem-ecully.fr\/en\/wp-json\/wp\/v2\/pages\/4735","targetHints":{"allow":["GET"]}}],"collection":[{"href":"https:\/\/www.aem-ecully.fr\/en\/wp-json\/wp\/v2\/pages"}],"about":[{"href":"https:\/\/www.aem-ecully.fr\/en\/wp-json\/wp\/v2\/types\/page"}],"author":[{"embeddable":true,"href":"https:\/\/www.aem-ecully.fr\/en\/wp-json\/wp\/v2\/users\/1"}],"replies":[{"embeddable":true,"href":"https:\/\/www.aem-ecully.fr\/en\/wp-json\/wp\/v2\/comments?post=4735"}],"version-history":[{"count":43,"href":"https:\/\/www.aem-ecully.fr\/en\/wp-json\/wp\/v2\/pages\/4735\/revisions"}],"predecessor-version":[{"id":4989,"href":"https:\/\/www.aem-ecully.fr\/en\/wp-json\/wp\/v2\/pages\/4735\/revisions\/4989"}],"wp:attachment":[{"href":"https:\/\/www.aem-ecully.fr\/en\/wp-json\/wp\/v2\/media?parent=4735"}],"curies":[{"name":"wp","href":"https:\/\/api.w.org\/{rel}","templated":true}]}}